{"id":10,"date":"2020-04-24T15:33:08","date_gmt":"2020-04-24T12:33:08","guid":{"rendered":"http:\/\/www.cnrelektronik.com\/?page_id=10"},"modified":"2026-02-10T00:27:25","modified_gmt":"2026-02-09T21:27:25","slug":"ne-yapiyoruz","status":"publish","type":"page","link":"https:\/\/www.cnrelektronik.com\/index.php\/ne-yapiyoruz\/","title":{"rendered":"Ne Yap\u0131yoruz?"},"content":{"rendered":"\n<p class=\"has-text-align-left\">Kablaj \u00fcretim<br>Elektronik AR&amp;GE blo\u011funu se\u00e7<br>SMD Dizgi blo\u011funu se\u00e7<br>3D Bask\u0131 ve Tasar\u0131m blo\u011funu se\u00e7<br><\/p>\n\n\n\n<p><br><\/p>\n\n\n\n<p><\/p>\n","protected":false},"excerpt":{"rendered":"<p>Kablaj \u00fcretimElektronik AR&amp;GE blo\u011funu se\u00e7SMD Dizgi blo\u011funu se\u00e73D Bask\u0131 ve Tasar\u0131m blo\u011funu se\u00e7<\/p>\n","protected":false},"author":1,"featured_media":0,"parent":0,"menu_order":2,"comment_status":"closed","ping_status":"closed","template":"","meta":{"footnotes":""},"class_list":["post-10","page","type-page","status-publish","hentry","entry"],"_links":{"self":[{"href":"https:\/\/www.cnrelektronik.com\/index.php\/wp-json\/wp\/v2\/pages\/10","targetHints":{"allow":["GET"]}}],"collection":[{"href":"https:\/\/www.cnrelektronik.com\/index.php\/wp-json\/wp\/v2\/pages"}],"about":[{"href":"https:\/\/www.cnrelektronik.com\/index.php\/wp-json\/wp\/v2\/types\/page"}],"author":[{"embeddable":true,"href":"https:\/\/www.cnrelektronik.com\/index.php\/wp-json\/wp\/v2\/users\/1"}],"replies":[{"embeddable":true,"href":"https:\/\/www.cnrelektronik.com\/index.php\/wp-json\/wp\/v2\/comments?post=10"}],"version-history":[{"count":2,"href":"https:\/\/www.cnrelektronik.com\/index.php\/wp-json\/wp\/v2\/pages\/10\/revisions"}],"predecessor-version":[{"id":186,"href":"https:\/\/www.cnrelektronik.com\/index.php\/wp-json\/wp\/v2\/pages\/10\/revisions\/186"}],"wp:attachment":[{"href":"https:\/\/www.cnrelektronik.com\/index.php\/wp-json\/wp\/v2\/media?parent=10"}],"curies":[{"name":"wp","href":"https:\/\/api.w.org\/{rel}","templated":true}]}}